{"id":1153,"date":"2017-04-18T12:02:33","date_gmt":"2017-04-18T12:02:33","guid":{"rendered":"http:\/\/www.americanpetrol.com\/?page_id=1153\/"},"modified":"2022-03-10T08:11:36","modified_gmt":"2022-03-10T08:11:36","slug":"services","status":"publish","type":"page","link":"https:\/\/www.americanpetrol.com\/en\/services\/","title":{"rendered":"SERVICES"},"content":{"rendered":"<p>[vc_row full_width=&#8221;stretch_row&#8221; css=&#8221;.vc_custom_1493669649541{background-image: url(https:\/\/unanimecreativos.com\/americanpetrol\/wp-content\/uploads\/2017\/02\/title-background.png?id=779) !important;background-position: 0 0 !important;background-repeat: repeat !important;}&#8221; el_id=&#8221;title-background&#8221;][vc_column][vc_empty_space height=&#8221;20px&#8221;][vc_custom_heading text=&#8221;<strong>SERVICES<\/strong>&#8221; font_container=&#8221;tag:h1|text_align:left|color:%23ff0000&#8243; use_theme_fonts=&#8221;yes&#8221; el_class=&#8221;page-title-ap&#8221;][vc_empty_space height=&#8221;20px&#8221;][\/vc_column][\/vc_row][vc_row content_placement=&#8221;middle&#8221; css_animation=&#8221;fadeInDown&#8221; el_class=&#8221;min-280&#8243; css=&#8221;.vc_custom_1493669675578{margin-bottom: 5px !important;background-image: url(https:\/\/www.americanpetrol.com\/wp-content\/uploads\/2015\/12\/american-petrol-home-servicios-gasoleo-a-domicilio.jpg?id=648) !important;}&#8221;][vc_column][vc_custom_heading text=&#8221;FUEL DISTRIBUTOR&#8221; font_container=&#8221;tag:h1|text_align:center|color:%23ffffff&#8221; use_theme_fonts=&#8221;yes&#8221; link=&#8221;url:http%3A%2F%2Fwww.americanpetrol.com%2Fservicios%2Fgasoleo-a-domicilio%2F|||&#8221;][\/vc_column][\/vc_row][vc_row gap=&#8221;10&#8243; equal_height=&#8221;yes&#8221; content_placement=&#8221;middle&#8221; css_animation=&#8221;fadeInDown&#8221;][vc_column width=&#8221;1\/2&#8243; css=&#8221;.vc_custom_1493669694597{background-image: url(https:\/\/www.americanpetrol.com\/wp-content\/uploads\/2015\/12\/american-petrol-home-servicios-lubricantes.jpg?id=661) !important;}&#8221; el_class=&#8221;min-280&#8243;][vc_custom_heading text=&#8221;LUBRICANTS AND ADDITIVES DISTRIBUTOR&#8221; font_container=&#8221;tag:h2|text_align:center|color:%23ffffff&#8221; use_theme_fonts=&#8221;yes&#8221; link=&#8221;url:http%3A%2F%2Fwww.americanpetrol.com%2Fservicios%2Fdistribucion-de-lubricantes-y-aditivos%2F|||&#8221;][\/vc_column][vc_column width=&#8221;1\/2&#8243; el_class=&#8221;min-280&#8243; css=&#8221;.vc_custom_1493669735419{background-image: url(https:\/\/www.americanpetrol.com\/wp-content\/uploads\/2015\/12\/american-petrol-home-servicios-neumaticos.jpg?id=649) !important;}&#8221;][vc_custom_heading text=&#8221;TIRES DISTRIBUTOR&#8221; font_container=&#8221;tag:h2|text_align:center|color:%23ffffff&#8221; use_theme_fonts=&#8221;yes&#8221; link=&#8221;url:https%3A%2F%2Fwww.americanpetrol.com%2Fservicios%2Fdistribuidora-de-neumaticos%2F|||&#8221;][\/vc_column][\/vc_row][vc_row gap=&#8221;10&#8243; equal_height=&#8221;yes&#8221; content_placement=&#8221;middle&#8221; css_animation=&#8221;fadeInDown&#8221;][vc_column width=&#8221;1\/3&#8243; css=&#8221;.vc_custom_1493669792043{background-image: url(https:\/\/www.americanpetrol.com\/wp-content\/uploads\/2015\/12\/american-petrol-home-servicios-estaciones-de-servicio.jpg?id=658) !important;background-position: center !important;background-repeat: no-repeat !important;background-size: cover !important;}&#8221; el_class=&#8221;min-280&#8243;][vc_custom_heading text=&#8221;PETROL STATIONS&#8221; font_container=&#8221;tag:h2|text_align:center|color:%23ffffff&#8221; use_theme_fonts=&#8221;yes&#8221; link=&#8221;url:http%3A%2F%2Fwww.americanpetrol.com%2Fservicios%2Festaciones-de-servicio%2F|||&#8221;][\/vc_column][vc_column width=&#8221;1\/3&#8243; css=&#8221;.vc_custom_1493669774430{background-image: url(https:\/\/www.americanpetrol.com\/wp-content\/uploads\/2015\/12\/american-petrol-home-servicios-addblue.jpg?id=664) !important;background-position: center !important;background-repeat: no-repeat !important;background-size: cover !important;}&#8221; el_class=&#8221;min-280&#8243;][vc_custom_heading text=&#8221;ADBLUE DISTRIBUTOR&#8221; font_container=&#8221;tag:h2|text_align:center|color:%23ffffff&#8221; use_theme_fonts=&#8221;yes&#8221; link=&#8221;url:http%3A%2F%2Fwww.americanpetrol.com%2Fservicios%2Fdistribucion-de-adblue%2F|||&#8221;][\/vc_column][vc_column width=&#8221;1\/3&#8243; css=&#8221;.vc_custom_1493669755508{background-image: url(https:\/\/www.americanpetrol.com\/wp-content\/uploads\/2015\/12\/american-petrol-home-servicios-parking-camiones.jpg?id=660) !important;background-position: center !important;background-repeat: no-repeat !important;background-size: cover !important;}&#8221; el_class=&#8221;min-280&#8243;][vc_custom_heading text=&#8221;PARKING&#8221; font_container=&#8221;tag:h3|text_align:center|color:%23ffffff&#8221; use_theme_fonts=&#8221;yes&#8221; link=&#8221;url:http%3A%2F%2Fwww.americanpetrol.com%2Fservicios%2Fparking-de-camiones%2F|||&#8221;][\/vc_column][\/vc_row][vc_row css=&#8221;.vc_custom_1487837401732{margin-top: 40px !important;}&#8221;][vc_column css=&#8221;.vc_custom_1452525768861{margin-top: -40px !important;}&#8221;][vc_empty_space height=&#8221;60px&#8221;][\/vc_column][\/vc_row][vc_row full_width=&#8221;stretch_row&#8221; equal_height=&#8221;yes&#8221; disable_element=&#8221;yes&#8221; css=&#8221;.vc_custom_1492516919015{background-image: url(https:\/\/unanimecreativos.com\/americanpetrol\/wp-content\/uploads\/2017\/02\/american-petrol-tarjeta-de-fidelizacion.jpg?id=764) !important;background-position: center !important;background-repeat: no-repeat !important;background-size: cover !important;}&#8221;][vc_column width=&#8221;1\/2&#8243;][\/vc_column][vc_column width=&#8221;1\/2&#8243;][vc_custom_heading text=&#8221;HASTA 0,15\u20ac DE DESCUENTO AL REPOSTAR EN NUESTRAS GASOLINERAS&#8221; font_container=&#8221;tag:h2|text_align:left|color:%23ffffff&#8221; use_theme_fonts=&#8221;yes&#8221;][vc_custom_heading text=&#8221;DESCUBRE NUESTRA TARJETA DE FIDELIZACI\u00d3N&#8221; font_container=&#8221;tag:h2|text_align:left|color:%23ffffff&#8221; use_theme_fonts=&#8221;yes&#8221;][vc_column_text]<\/p>\n<p style=\"color: white;\">Mejoramos nuestro programa de fidelizaci\u00f3n, para que puedas disfrutar<br \/>\nde mayor ahorro, mayor flexibilidad y muchos m\u00e1s beneficios.<\/p>\n<p>[\/vc_column_text]\n<div class=\"wpcf7 no-js\" id=\"wpcf7-f766-o1\" lang=\"es-ES\" dir=\"ltr\" data-wpcf7-id=\"766\">\n<div class=\"screen-reader-response\"><p role=\"status\" aria-live=\"polite\" aria-atomic=\"true\"><\/p> <ul><\/ul><\/div>\n<form action=\"\/en\/wp-json\/wp\/v2\/pages\/1153#wpcf7-f766-o1\" method=\"post\" class=\"wpcf7-form init\" aria-label=\"Formulario de contacto\" novalidate=\"novalidate\" data-status=\"init\">\n<fieldset class=\"hidden-fields-container\"><input type=\"hidden\" name=\"_wpcf7\" value=\"766\" \/><input type=\"hidden\" name=\"_wpcf7_version\" value=\"6.1.2\" \/><input type=\"hidden\" name=\"_wpcf7_locale\" value=\"es_ES\" \/><input type=\"hidden\" name=\"_wpcf7_unit_tag\" value=\"wpcf7-f766-o1\" \/><input type=\"hidden\" name=\"_wpcf7_container_post\" value=\"0\" \/><input type=\"hidden\" name=\"_wpcf7_posted_data_hash\" value=\"\" \/><input type=\"hidden\" name=\"_wpcf7_recaptcha_response\" value=\"\" \/>\n<\/fieldset>\n<p><label><span class=\"wpcf7-form-control-wrap\" data-name=\"your-name\"><input size=\"40\" maxlength=\"400\" class=\"wpcf7-form-control wpcf7-text wpcf7-validates-as-required\" aria-required=\"true\" aria-invalid=\"false\" placeholder=\"Telefono *\" value=\"\" type=\"text\" name=\"your-name\" \/><\/span> <\/label>\n<\/p>\n<p><label><span class=\"wpcf7-form-control-wrap\" data-name=\"your-email\"><input size=\"40\" maxlength=\"400\" class=\"wpcf7-form-control wpcf7-email wpcf7-validates-as-required wpcf7-text wpcf7-validates-as-email\" aria-required=\"true\" aria-invalid=\"false\" placeholder=\"Email *\" value=\"\" type=\"email\" name=\"your-email\" \/><\/span> <\/label>\n<\/p>\n<p style=\"text-align:right;\"><input class=\"wpcf7-form-control wpcf7-submit has-spinner boton-azul\" type=\"submit\" value=\"Enviar\" \/>\n<\/p><div class=\"wpcf7-response-output\" aria-hidden=\"true\"><\/div>\n<\/form>\n<\/div>\n[\/vc_column][\/vc_row][vc_row full_width=&#8221;stretch_row&#8221; css=&#8221;.vc_custom_1488215729048{background-color: #415da5 !important;}&#8221;][vc_column][vc_row_inner][vc_column_inner width=&#8221;1\/2&#8243;][vc_custom_heading text=&#8221;ANY PROBLEM? CONTACT WITH US&#8221; font_container=&#8221;tag:h2|text_align:center|color:%23ffffff&#8221; use_theme_fonts=&#8221;yes&#8221;][\/vc_column_inner][vc_column_inner width=&#8221;1\/2&#8243;][vc_btn title=&#8221; \u00a1CALL US! 961 514 171&#8243; style=&#8221;flat&#8221; shape=&#8221;square&#8221; align=&#8221;center&#8221; link=&#8221;url:tel%3A961514171|||&#8221;][\/vc_column_inner][\/vc_row_inner][\/vc_column][\/vc_row]<\/p>\n","protected":false},"excerpt":{"rendered":"<p>[vc_row full_width=&#8221;stretch_row&#8221; css=&#8221;.vc_custom_1493669649541{background-image: url(https:\/\/unanimecreativos.com\/americanpetrol\/wp-content\/uploads\/2017\/02\/title-background.png?id=779) !important;background-position: 0 0 !important;background-repeat: repeat !important;}&#8221; el_id=&#8221;title-background&#8221;][vc_column][vc_empty_space height=&#8221;20px&#8221;][vc_custom_heading text=&#8221;SERVICES&#8221; font_container=&#8221;tag:h1|text_align:left|color:%23ff0000&#8243; use_theme_fonts=&#8221;yes&#8221; el_class=&#8221;page-title-ap&#8221;][vc_empty_space height=&#8221;20px&#8221;][\/vc_column][\/vc_row][vc_row content_placement=&#8221;middle&#8221; css_animation=&#8221;fadeInDown&#8221; el_class=&#8221;min-280&#8243;<\/p>\n","protected":false},"author":1,"featured_media":0,"parent":0,"menu_order":2,"comment_status":"closed","ping_status":"closed","template":"","meta":{"_monsterinsights_skip_tracking":false,"_monsterinsights_sitenote_active":false,"_monsterinsights_sitenote_note":"","_monsterinsights_sitenote_category":0,"footnotes":""},"class_list":["post-1153","page","type-page","status-publish","hentry"],"yoast_head":"<!-- This site is optimized with the Yoast SEO plugin v26.2 - https:\/\/yoast.com\/wordpress\/plugins\/seo\/ -->\n<title>SERVICES - American Petrol<\/title>\n<meta name=\"robots\" content=\"index, follow, max-snippet:-1, max-image-preview:large, max-video-preview:-1\" \/>\n<link rel=\"canonical\" href=\"https:\/\/www.americanpetrol.com\/en\/services\/\" \/>\n<meta property=\"og:locale\" content=\"en_US\" \/>\n<meta property=\"og:type\" content=\"article\" \/>\n<meta property=\"og:title\" content=\"SERVICES - American Petrol\" \/>\n<meta property=\"og:description\" content=\"[vc_row full_width=&#8221;stretch_row&#8221; css=&#8221;.vc_custom_1493669649541{background-image: url(https:\/\/unanimecreativos.com\/americanpetrol\/wp-content\/uploads\/2017\/02\/title-background.png?id=779) !important;background-position: 0 0 !important;background-repeat: repeat !important;}&#8221; el_id=&#8221;title-background&#8221;][vc_column][vc_empty_space height=&#8221;20px&#8221;][vc_custom_heading text=&#8221;SERVICES&#8221; font_container=&#8221;tag:h1|text_align:left|color:%23ff0000&#8243; use_theme_fonts=&#8221;yes&#8221; el_class=&#8221;page-title-ap&#8221;][vc_empty_space height=&#8221;20px&#8221;][\/vc_column][\/vc_row][vc_row content_placement=&#8221;middle&#8221; css_animation=&#8221;fadeInDown&#8221; el_class=&#8221;min-280&#8243;\" \/>\n<meta property=\"og:url\" content=\"https:\/\/www.americanpetrol.com\/en\/services\/\" \/>\n<meta property=\"og:site_name\" content=\"American Petrol\" \/>\n<meta property=\"article:publisher\" content=\"https:\/\/www.facebook.com\/AmericanPetrol\/\" \/>\n<meta property=\"article:modified_time\" content=\"2022-03-10T08:11:36+00:00\" \/>\n<meta name=\"twitter:card\" content=\"summary_large_image\" \/>\n<meta name=\"twitter:label1\" content=\"Est. reading time\" \/>\n\t<meta name=\"twitter:data1\" content=\"3 minutes\" \/>\n<script type=\"application\/ld+json\" class=\"yoast-schema-graph\">{\"@context\":\"https:\/\/schema.org\",\"@graph\":[{\"@type\":\"WebPage\",\"@id\":\"https:\/\/www.americanpetrol.com\/en\/services\/\",\"url\":\"https:\/\/www.americanpetrol.com\/en\/services\/\",\"name\":\"SERVICES - American Petrol\",\"isPartOf\":{\"@id\":\"https:\/\/www.americanpetrol.com\/#website\"},\"datePublished\":\"2017-04-18T12:02:33+00:00\",\"dateModified\":\"2022-03-10T08:11:36+00:00\",\"breadcrumb\":{\"@id\":\"https:\/\/www.americanpetrol.com\/en\/services\/#breadcrumb\"},\"inLanguage\":\"en-US\",\"potentialAction\":[{\"@type\":\"ReadAction\",\"target\":[\"https:\/\/www.americanpetrol.com\/en\/services\/\"]}]},{\"@type\":\"BreadcrumbList\",\"@id\":\"https:\/\/www.americanpetrol.com\/en\/services\/#breadcrumb\",\"itemListElement\":[{\"@type\":\"ListItem\",\"position\":1,\"name\":\"Portada\",\"item\":\"https:\/\/www.americanpetrol.com\/en\/\"},{\"@type\":\"ListItem\",\"position\":2,\"name\":\"SERVICES\"}]},{\"@type\":\"WebSite\",\"@id\":\"https:\/\/www.americanpetrol.com\/#website\",\"url\":\"https:\/\/www.americanpetrol.com\/\",\"name\":\"American Petrol\",\"description\":\"Empresa de distribuci\u00f3n de gas\u00f3leo a domicilio, gas\u00f3leo para calefacci\u00f3n y gas\u00f3leo bonificado barato\",\"publisher\":{\"@id\":\"https:\/\/www.americanpetrol.com\/#organization\"},\"potentialAction\":[{\"@type\":\"SearchAction\",\"target\":{\"@type\":\"EntryPoint\",\"urlTemplate\":\"https:\/\/www.americanpetrol.com\/?s={search_term_string}\"},\"query-input\":{\"@type\":\"PropertyValueSpecification\",\"valueRequired\":true,\"valueName\":\"search_term_string\"}}],\"inLanguage\":\"en-US\"},{\"@type\":\"Organization\",\"@id\":\"https:\/\/www.americanpetrol.com\/#organization\",\"name\":\"American Petrol S.L.\",\"url\":\"https:\/\/www.americanpetrol.com\/\",\"logo\":{\"@type\":\"ImageObject\",\"inLanguage\":\"en-US\",\"@id\":\"https:\/\/www.americanpetrol.com\/#\/schema\/logo\/image\/\",\"url\":\"https:\/\/www.americanpetrol.com\/wp-content\/uploads\/2017\/02\/logo_150x150.png\",\"contentUrl\":\"https:\/\/www.americanpetrol.com\/wp-content\/uploads\/2017\/02\/logo_150x150.png\",\"width\":150,\"height\":150,\"caption\":\"American Petrol S.L.\"},\"image\":{\"@id\":\"https:\/\/www.americanpetrol.com\/#\/schema\/logo\/image\/\"},\"sameAs\":[\"https:\/\/www.facebook.com\/AmericanPetrol\/\"]}]}<\/script>\n<!-- \/ Yoast SEO plugin. -->","yoast_head_json":{"title":"SERVICES - American Petrol","robots":{"index":"index","follow":"follow","max-snippet":"max-snippet:-1","max-image-preview":"max-image-preview:large","max-video-preview":"max-video-preview:-1"},"canonical":"https:\/\/www.americanpetrol.com\/en\/services\/","og_locale":"en_US","og_type":"article","og_title":"SERVICES - American Petrol","og_description":"[vc_row full_width=&#8221;stretch_row&#8221; css=&#8221;.vc_custom_1493669649541{background-image: url(https:\/\/unanimecreativos.com\/americanpetrol\/wp-content\/uploads\/2017\/02\/title-background.png?id=779) !important;background-position: 0 0 !important;background-repeat: repeat !important;}&#8221; el_id=&#8221;title-background&#8221;][vc_column][vc_empty_space height=&#8221;20px&#8221;][vc_custom_heading text=&#8221;SERVICES&#8221; font_container=&#8221;tag:h1|text_align:left|color:%23ff0000&#8243; use_theme_fonts=&#8221;yes&#8221; el_class=&#8221;page-title-ap&#8221;][vc_empty_space height=&#8221;20px&#8221;][\/vc_column][\/vc_row][vc_row content_placement=&#8221;middle&#8221; css_animation=&#8221;fadeInDown&#8221; el_class=&#8221;min-280&#8243;","og_url":"https:\/\/www.americanpetrol.com\/en\/services\/","og_site_name":"American Petrol","article_publisher":"https:\/\/www.facebook.com\/AmericanPetrol\/","article_modified_time":"2022-03-10T08:11:36+00:00","twitter_card":"summary_large_image","twitter_misc":{"Est. reading time":"3 minutes"},"schema":{"@context":"https:\/\/schema.org","@graph":[{"@type":"WebPage","@id":"https:\/\/www.americanpetrol.com\/en\/services\/","url":"https:\/\/www.americanpetrol.com\/en\/services\/","name":"SERVICES - American Petrol","isPartOf":{"@id":"https:\/\/www.americanpetrol.com\/#website"},"datePublished":"2017-04-18T12:02:33+00:00","dateModified":"2022-03-10T08:11:36+00:00","breadcrumb":{"@id":"https:\/\/www.americanpetrol.com\/en\/services\/#breadcrumb"},"inLanguage":"en-US","potentialAction":[{"@type":"ReadAction","target":["https:\/\/www.americanpetrol.com\/en\/services\/"]}]},{"@type":"BreadcrumbList","@id":"https:\/\/www.americanpetrol.com\/en\/services\/#breadcrumb","itemListElement":[{"@type":"ListItem","position":1,"name":"Portada","item":"https:\/\/www.americanpetrol.com\/en\/"},{"@type":"ListItem","position":2,"name":"SERVICES"}]},{"@type":"WebSite","@id":"https:\/\/www.americanpetrol.com\/#website","url":"https:\/\/www.americanpetrol.com\/","name":"American Petrol","description":"Empresa de distribuci\u00f3n de gas\u00f3leo a domicilio, gas\u00f3leo para calefacci\u00f3n y gas\u00f3leo bonificado barato","publisher":{"@id":"https:\/\/www.americanpetrol.com\/#organization"},"potentialAction":[{"@type":"SearchAction","target":{"@type":"EntryPoint","urlTemplate":"https:\/\/www.americanpetrol.com\/?s={search_term_string}"},"query-input":{"@type":"PropertyValueSpecification","valueRequired":true,"valueName":"search_term_string"}}],"inLanguage":"en-US"},{"@type":"Organization","@id":"https:\/\/www.americanpetrol.com\/#organization","name":"American Petrol S.L.","url":"https:\/\/www.americanpetrol.com\/","logo":{"@type":"ImageObject","inLanguage":"en-US","@id":"https:\/\/www.americanpetrol.com\/#\/schema\/logo\/image\/","url":"https:\/\/www.americanpetrol.com\/wp-content\/uploads\/2017\/02\/logo_150x150.png","contentUrl":"https:\/\/www.americanpetrol.com\/wp-content\/uploads\/2017\/02\/logo_150x150.png","width":150,"height":150,"caption":"American Petrol S.L."},"image":{"@id":"https:\/\/www.americanpetrol.com\/#\/schema\/logo\/image\/"},"sameAs":["https:\/\/www.facebook.com\/AmericanPetrol\/"]}]}},"_links":{"self":[{"href":"https:\/\/www.americanpetrol.com\/en\/wp-json\/wp\/v2\/pages\/1153","targetHints":{"allow":["GET"]}}],"collection":[{"href":"https:\/\/www.americanpetrol.com\/en\/wp-json\/wp\/v2\/pages"}],"about":[{"href":"https:\/\/www.americanpetrol.com\/en\/wp-json\/wp\/v2\/types\/page"}],"author":[{"embeddable":true,"href":"https:\/\/www.americanpetrol.com\/en\/wp-json\/wp\/v2\/users\/1"}],"replies":[{"embeddable":true,"href":"https:\/\/www.americanpetrol.com\/en\/wp-json\/wp\/v2\/comments?post=1153"}],"version-history":[{"count":3,"href":"https:\/\/www.americanpetrol.com\/en\/wp-json\/wp\/v2\/pages\/1153\/revisions"}],"predecessor-version":[{"id":1316,"href":"https:\/\/www.americanpetrol.com\/en\/wp-json\/wp\/v2\/pages\/1153\/revisions\/1316"}],"wp:attachment":[{"href":"https:\/\/www.americanpetrol.com\/en\/wp-json\/wp\/v2\/media?parent=1153"}],"curies":[{"name":"wp","href":"https:\/\/api.w.org\/{rel}","templated":true}]}}