{"id":1159,"date":"2017-04-18T12:18:53","date_gmt":"2017-04-18T12:18:53","guid":{"rendered":"http:\/\/www.americanpetrol.com\/?page_id=1159\/"},"modified":"2022-03-10T08:11:37","modified_gmt":"2022-03-10T08:11:37","slug":"distributor-lubricants-additives","status":"publish","type":"page","link":"https:\/\/www.americanpetrol.com\/en\/distributor-lubricants-additives\/","title":{"rendered":"DISTRIBUTOR OF LUBRICANTS AND ADDITIVES"},"content":{"rendered":"<p>[vc_row full_width=&#8221;stretch_row&#8221; disable_element=&#8221;yes&#8221; css=&#8221;.vc_custom_1488364776429{background-image: url(http:\/\/unanimecreativos.com\/americanpetrol\/wp-content\/uploads\/2017\/02\/title-background.png?id=779) !important;background-position: 0 0 !important;background-repeat: repeat !important;}&#8221; el_id=&#8221;title-background&#8221;][vc_column][vc_empty_space height=&#8221;20px&#8221;][vc_custom_heading text=&#8221;SERVICIOS \/ <strong>DISTRIBUCI\u00d3N DE LUBRICANTES Y ADITIVOS<\/strong>&#8221; font_container=&#8221;tag:h1|text_align:left|color:%23415da5&#8243; use_theme_fonts=&#8221;yes&#8221; el_class=&#8221;page-title-ap&#8221;][vc_empty_space height=&#8221;20px&#8221;][\/vc_column][\/vc_row][vc_row full_width=&#8221;stretch_row&#8221; css=&#8221;.vc_custom_1493669868309{background-image: url(http:\/\/www.americanpetrol.com\/wp-content\/uploads\/2017\/02\/american-petrol-empresa.jpg?id=746) !important;background-position: center !important;background-repeat: no-repeat !important;background-size: cover !important;}&#8221;][vc_column][vc_empty_space height=&#8221;60px&#8221;][vc_row_inner][vc_column_inner width=&#8221;1\/6&#8243;][\/vc_column_inner][vc_column_inner width=&#8221;2\/3&#8243;][vc_custom_heading text=&#8221;<strong>DO YOU WANT BE OUR DISTRIBUTOR? CALL US +0034 627 35 69 73 . WE ARE LEADERS IN MANUFACTURING AND DISTRIBUTION OF LUBRICANTS AND ADDITIVES IN ALL WORLD <\/strong>&#8221; font_container=&#8221;tag:h2|font_size:36px|text_align:center|color:%23ffffff&#8221; use_theme_fonts=&#8221;yes&#8221;][vc_column_text]<\/p>\n<p style=\"color: white; font-size: 1.5em; text-align: center; font-weight: 100 !important; line-height: 1.2em;\">We are in constant process of improvements, innovation and respect with the environment since 1994 with the first manufacture of motor oil.<br \/>\nWe are adding the last additives generations and working with the best oil to obtain products of advanced technology.<\/p>\n<p>[\/vc_column_text][\/vc_column_inner][vc_column_inner width=&#8221;1\/6&#8243;][\/vc_column_inner][\/vc_row_inner][vc_empty_space height=&#8221;100px&#8221;][\/vc_column][\/vc_row][vc_row full_width=&#8221;stretch_row_content_no_spaces&#8221;][vc_column][vc_empty_space height=&#8221;60px&#8221;][\/vc_column][\/vc_row][vc_row equal_height=&#8221;yes&#8221; content_placement=&#8221;middle&#8221; el_class=&#8221;min-280&#8243;][vc_column width=&#8221;1\/2&#8243;][vc_column_text]We are sponsor of the world champion in Moto GP Joan Mir in Moto3 2017.<\/p>\n<p>We have our own factory of lubricants and additives placed in Valencia, Spain.<\/p>\n<p>We offer a wide range of products from motor oil for vehicles and industrial vehicles, farming oils, synthetic fluid, polish to additives of new generation.[\/vc_column_text][\/vc_column][vc_column width=&#8221;1\/2&#8243; css=&#8221;.vc_custom_1492521670360{background-image: url(http:\/\/www.americanpetrol.com\/wp-content\/uploads\/2017\/02\/american-petrol-marca-productos.jpg?id=1007) !important;background-position: center !important;background-repeat: no-repeat !important;background-size: cover !important;}&#8221;][\/vc_column][\/vc_row][vc_row equal_height=&#8221;yes&#8221; content_placement=&#8221;middle&#8221; el_class=&#8221;min-280&#8243;][vc_column width=&#8221;1\/2&#8243; css=&#8221;.vc_custom_1492521683305{background-image: url(http:\/\/www.americanpetrol.com\/wp-content\/uploads\/2017\/02\/american-petrol-mapa.jpg?id=1006) !important;background-position: center !important;background-repeat: no-repeat !important;background-size: cover !important;}&#8221;][\/vc_column][vc_column width=&#8221;1\/2&#8243;][vc_column_text]All of our products accomplish the European regulations.<br \/>\nBesides American Petrol motor oil, we also manufacture and pack to other companies.<br \/>\nwe adapt to customer necesities.<br \/>\nNowadays, we are exporting products to European countries such as Portugal, France, Italy, Romania, and Hungary.<br \/>\nIf you want to receive a list of products with our prices as well as more detailed information fill in the form and we will contact you as soon as possible.[\/vc_column_text][\/vc_column][\/vc_row][vc_row full_width=&#8221;stretch_row_content_no_spaces&#8221;][vc_column][vc_empty_space height=&#8221;60px&#8221;][\/vc_column][\/vc_row][vc_row full_width=&#8221;stretch_row&#8221; css=&#8221;.vc_custom_1488215729048{background-color: #415da5 !important;}&#8221;][vc_column][vc_row_inner][vc_column_inner width=&#8221;1\/2&#8243;][vc_custom_heading text=&#8221;\u00bfANY DOUBT? CONTACT WITH US IN INFO@AMERICANPETROL.COM OR CALL US&#8221; font_container=&#8221;tag:h2|text_align:center|color:%23ffffff&#8221; use_theme_fonts=&#8221;yes&#8221;][\/vc_column_inner][vc_column_inner width=&#8221;1\/2&#8243;][vc_btn title=&#8221; \u00a1CALL US! 0034627356973&#8243; style=&#8221;flat&#8221; shape=&#8221;square&#8221; align=&#8221;center&#8221; link=&#8221;url:tel%3A0034627356973|||&#8221;][\/vc_column_inner][\/vc_row_inner][\/vc_column][\/vc_row][vc_row][vc_column][vc_empty_space height=&#8221;50px&#8221;][vc_custom_heading text=&#8221;OUR PRODUCTS&#8221; font_container=&#8221;tag:h2|text_align:center&#8221; use_theme_fonts=&#8221;yes&#8221;][vc_empty_space height=&#8221;10px&#8221;][vc_media_grid element_width=&#8221;3&#8243; grid_id=&#8221;vc_gid:1513790066251-974b7b03-86cf-2&#8243; include=&#8221;1042,1043,1044,1045,1047,1048,1049,1050,1051,1052,1053,1055,1056,1058,1059,1060,1061,1062,1063,1108&#8243;][\/vc_column][\/vc_row][vc_row][vc_column][vc_empty_space height=&#8221;20px&#8221;][vc_separator color=&#8221;sky&#8221;][vc_empty_space height=&#8221;20px&#8221;][\/vc_column][\/vc_row][vc_row disable_element=&#8221;yes&#8221;][vc_column width=&#8221;1\/2&#8243;][vc_custom_heading text=&#8221;\u00bfQUIERES M\u00c1S INFORMACI\u00d3N DE NUESTROS PRODUCTOS?&#8221; use_theme_fonts=&#8221;yes&#8221;][vc_custom_heading text=&#8221;Si quiere recibir una tarifa de precios con nuestros productos as\u00ed como informaci\u00f3n m\u00e1s detallada rellena el formulario y nos pondremos en contacto con usted lo m\u00e1s pronto posible.&#8221; font_container=&#8221;tag:h2|font_size:20px|text_align:left&#8221; use_theme_fonts=&#8221;yes&#8221;][\/vc_column][vc_column width=&#8221;1\/2&#8243;]\n<div class=\"wpcf7 no-js\" id=\"wpcf7-f453-o1\" lang=\"es-ES\" dir=\"ltr\" data-wpcf7-id=\"453\">\n<div class=\"screen-reader-response\"><p role=\"status\" aria-live=\"polite\" aria-atomic=\"true\"><\/p> <ul><\/ul><\/div>\n<form action=\"\/en\/wp-json\/wp\/v2\/pages\/1159#wpcf7-f453-o1\" method=\"post\" class=\"wpcf7-form init\" aria-label=\"Formulario de contacto\" novalidate=\"novalidate\" data-status=\"init\">\n<fieldset class=\"hidden-fields-container\"><input type=\"hidden\" name=\"_wpcf7\" value=\"453\" \/><input type=\"hidden\" name=\"_wpcf7_version\" value=\"6.1.2\" \/><input type=\"hidden\" name=\"_wpcf7_locale\" value=\"es_ES\" \/><input type=\"hidden\" name=\"_wpcf7_unit_tag\" value=\"wpcf7-f453-o1\" \/><input type=\"hidden\" name=\"_wpcf7_container_post\" value=\"0\" \/><input type=\"hidden\" name=\"_wpcf7_posted_data_hash\" value=\"\" \/><input type=\"hidden\" name=\"_wpcf7_recaptcha_response\" value=\"\" \/>\n<\/fieldset>\n<p><label><span class=\"wpcf7-form-control-wrap\" data-name=\"your-name\"><input size=\"40\" maxlength=\"400\" class=\"wpcf7-form-control wpcf7-text wpcf7-validates-as-required\" aria-required=\"true\" aria-invalid=\"false\" placeholder=\"Telefono (requerido)\" value=\"\" type=\"text\" name=\"your-name\" \/><\/span><\/label>\n<\/p>\n<p><label><span class=\"wpcf7-form-control-wrap\" data-name=\"your-email\"><input size=\"40\" maxlength=\"400\" class=\"wpcf7-form-control wpcf7-email wpcf7-validates-as-required wpcf7-text wpcf7-validates-as-email\" aria-required=\"true\" aria-invalid=\"false\" placeholder=\"Tu correo electr\u00f3nico (requerido)\" value=\"\" type=\"email\" name=\"your-email\" \/><\/span><\/label>\n<\/p>\n<p><label><span class=\"wpcf7-form-control-wrap\" data-name=\"your-message\"><textarea cols=\"40\" rows=\"10\" maxlength=\"2000\" class=\"wpcf7-form-control wpcf7-textarea\" aria-invalid=\"false\" placeholder=\"Comentario\" name=\"your-message\"><\/textarea><\/span><\/label>\n<\/p>\n<p><input class=\"wpcf7-form-control wpcf7-submit has-spinner\" type=\"submit\" value=\"Enviar\" \/>\n<\/p><div class=\"wpcf7-response-output\" aria-hidden=\"true\"><\/div>\n<\/form>\n<\/div>\n[\/vc_column][\/vc_row][vc_row full_width=&#8221;stretch_row&#8221; equal_height=&#8221;yes&#8221; css=&#8221;.vc_custom_1493669888652{background-image: url(http:\/\/www.americanpetrol.com\/wp-content\/uploads\/2017\/02\/american-petrol-tarjeta-de-fidelizacion.jpg?id=764) !important;background-position: center !important;background-repeat: no-repeat !important;background-size: cover !important;}&#8221;][vc_column width=&#8221;1\/2&#8243;][\/vc_column][vc_column width=&#8221;1\/2&#8243;][vc_custom_heading text=&#8221;UP TO 0,15\u20ac OF DISCOUNT OF REFUELING IN OUR PETROL STATIONS&#8221; font_container=&#8221;tag:h2|text_align:left|color:%23ffffff&#8221; use_theme_fonts=&#8221;yes&#8221;][vc_custom_heading text=&#8221;FIND OUT OUR FIDELITY CARD&#8221; font_container=&#8221;tag:h2|text_align:left|color:%23ffffff&#8221; use_theme_fonts=&#8221;yes&#8221;][vc_column_text]<\/p>\n<p style=\"color: white;\">WE IMPROVE OUR FIDELITY PROGRAM, TO SAVE MONEY, BEST FLEXIBILITY AND MORE BENEFITS.<\/p>\n<p>[\/vc_column_text]\n<div class=\"wpcf7 no-js\" id=\"wpcf7-f766-o2\" lang=\"es-ES\" dir=\"ltr\" data-wpcf7-id=\"766\">\n<div class=\"screen-reader-response\"><p role=\"status\" aria-live=\"polite\" aria-atomic=\"true\"><\/p> <ul><\/ul><\/div>\n<form action=\"\/en\/wp-json\/wp\/v2\/pages\/1159#wpcf7-f766-o2\" method=\"post\" class=\"wpcf7-form init\" aria-label=\"Formulario de contacto\" novalidate=\"novalidate\" data-status=\"init\">\n<fieldset class=\"hidden-fields-container\"><input type=\"hidden\" name=\"_wpcf7\" value=\"766\" \/><input type=\"hidden\" name=\"_wpcf7_version\" value=\"6.1.2\" \/><input type=\"hidden\" name=\"_wpcf7_locale\" value=\"es_ES\" \/><input type=\"hidden\" name=\"_wpcf7_unit_tag\" value=\"wpcf7-f766-o2\" \/><input type=\"hidden\" name=\"_wpcf7_container_post\" value=\"0\" \/><input type=\"hidden\" name=\"_wpcf7_posted_data_hash\" value=\"\" \/><input type=\"hidden\" name=\"_wpcf7_recaptcha_response\" value=\"\" \/>\n<\/fieldset>\n<p><label><span class=\"wpcf7-form-control-wrap\" data-name=\"your-name\"><input size=\"40\" maxlength=\"400\" class=\"wpcf7-form-control wpcf7-text wpcf7-validates-as-required\" aria-required=\"true\" aria-invalid=\"false\" placeholder=\"Telefono *\" value=\"\" type=\"text\" name=\"your-name\" \/><\/span> <\/label>\n<\/p>\n<p><label><span class=\"wpcf7-form-control-wrap\" data-name=\"your-email\"><input size=\"40\" maxlength=\"400\" class=\"wpcf7-form-control wpcf7-email wpcf7-validates-as-required wpcf7-text wpcf7-validates-as-email\" aria-required=\"true\" aria-invalid=\"false\" placeholder=\"Email *\" value=\"\" type=\"email\" name=\"your-email\" \/><\/span> <\/label>\n<\/p>\n<p style=\"text-align:right;\"><input class=\"wpcf7-form-control wpcf7-submit has-spinner boton-azul\" type=\"submit\" value=\"Enviar\" \/>\n<\/p><div class=\"wpcf7-response-output\" aria-hidden=\"true\"><\/div>\n<\/form>\n<\/div>\n[\/vc_column][\/vc_row]<\/p>\n","protected":false},"excerpt":{"rendered":"<p>[vc_row full_width=&#8221;stretch_row&#8221; disable_element=&#8221;yes&#8221; css=&#8221;.vc_custom_1488364776429{background-image: url(http:\/\/unanimecreativos.com\/americanpetrol\/wp-content\/uploads\/2017\/02\/title-background.png?id=779) !important;background-position: 0 0 !important;background-repeat: repeat !important;}&#8221; el_id=&#8221;title-background&#8221;][vc_column][vc_empty_space height=&#8221;20px&#8221;][vc_custom_heading text=&#8221;SERVICIOS \/ DISTRIBUCI\u00d3N DE LUBRICANTES Y ADITIVOS&#8221;<\/p>\n","protected":false},"author":1,"featured_media":0,"parent":0,"menu_order":2,"comment_status":"closed","ping_status":"closed","template":"","meta":{"_monsterinsights_skip_tracking":false,"_monsterinsights_sitenote_active":false,"_monsterinsights_sitenote_note":"","_monsterinsights_sitenote_category":0,"footnotes":""},"class_list":["post-1159","page","type-page","status-publish","hentry"],"yoast_head":"<!-- This site is optimized with the Yoast SEO plugin v26.2 - https:\/\/yoast.com\/wordpress\/plugins\/seo\/ -->\n<title>DISTRIBUTOR OF LUBRICANTS AND ADDITIVES - American Petrol<\/title>\n<meta name=\"robots\" content=\"index, follow, max-snippet:-1, max-image-preview:large, max-video-preview:-1\" \/>\n<link rel=\"canonical\" href=\"https:\/\/www.americanpetrol.com\/en\/services\/distributor-lubricants-additives\/\" \/>\n<meta property=\"og:locale\" content=\"en_US\" \/>\n<meta property=\"og:type\" content=\"article\" \/>\n<meta property=\"og:title\" content=\"DISTRIBUTOR OF LUBRICANTS AND ADDITIVES - American Petrol\" \/>\n<meta property=\"og:description\" content=\"[vc_row full_width=&#8221;stretch_row&#8221; disable_element=&#8221;yes&#8221; css=&#8221;.vc_custom_1488364776429{background-image: url(http:\/\/unanimecreativos.com\/americanpetrol\/wp-content\/uploads\/2017\/02\/title-background.png?id=779) !important;background-position: 0 0 !important;background-repeat: repeat !important;}&#8221; el_id=&#8221;title-background&#8221;][vc_column][vc_empty_space height=&#8221;20px&#8221;][vc_custom_heading text=&#8221;SERVICIOS \/ DISTRIBUCI\u00d3N DE LUBRICANTES Y ADITIVOS&#8221;\" \/>\n<meta property=\"og:url\" content=\"https:\/\/www.americanpetrol.com\/en\/services\/distributor-lubricants-additives\/\" \/>\n<meta property=\"og:site_name\" content=\"American Petrol\" \/>\n<meta property=\"article:publisher\" content=\"https:\/\/www.facebook.com\/AmericanPetrol\/\" \/>\n<meta property=\"article:modified_time\" content=\"2022-03-10T08:11:37+00:00\" \/>\n<meta name=\"twitter:card\" content=\"summary_large_image\" \/>\n<meta name=\"twitter:label1\" content=\"Est. reading time\" \/>\n\t<meta name=\"twitter:data1\" content=\"4 minutes\" \/>\n<script type=\"application\/ld+json\" class=\"yoast-schema-graph\">{\"@context\":\"https:\/\/schema.org\",\"@graph\":[{\"@type\":\"WebPage\",\"@id\":\"https:\/\/www.americanpetrol.com\/en\/services\/distributor-lubricants-additives\/\",\"url\":\"https:\/\/www.americanpetrol.com\/en\/services\/distributor-lubricants-additives\/\",\"name\":\"DISTRIBUTOR OF LUBRICANTS AND ADDITIVES - American Petrol\",\"isPartOf\":{\"@id\":\"https:\/\/www.americanpetrol.com\/#website\"},\"datePublished\":\"2017-04-18T12:18:53+00:00\",\"dateModified\":\"2022-03-10T08:11:37+00:00\",\"breadcrumb\":{\"@id\":\"https:\/\/www.americanpetrol.com\/en\/services\/distributor-lubricants-additives\/#breadcrumb\"},\"inLanguage\":\"en-US\",\"potentialAction\":[{\"@type\":\"ReadAction\",\"target\":[\"https:\/\/www.americanpetrol.com\/en\/services\/distributor-lubricants-additives\/\"]}]},{\"@type\":\"BreadcrumbList\",\"@id\":\"https:\/\/www.americanpetrol.com\/en\/services\/distributor-lubricants-additives\/#breadcrumb\",\"itemListElement\":[{\"@type\":\"ListItem\",\"position\":1,\"name\":\"Portada\",\"item\":\"https:\/\/www.americanpetrol.com\/en\/\"},{\"@type\":\"ListItem\",\"position\":2,\"name\":\"SERVICES\",\"item\":\"https:\/\/www.americanpetrol.com\/en\/services\/\"},{\"@type\":\"ListItem\",\"position\":3,\"name\":\"DISTRIBUTOR OF LUBRICANTS AND ADDITIVES\"}]},{\"@type\":\"WebSite\",\"@id\":\"https:\/\/www.americanpetrol.com\/#website\",\"url\":\"https:\/\/www.americanpetrol.com\/\",\"name\":\"American Petrol\",\"description\":\"Empresa de distribuci\u00f3n de gas\u00f3leo a domicilio, gas\u00f3leo para calefacci\u00f3n y gas\u00f3leo bonificado barato\",\"publisher\":{\"@id\":\"https:\/\/www.americanpetrol.com\/#organization\"},\"potentialAction\":[{\"@type\":\"SearchAction\",\"target\":{\"@type\":\"EntryPoint\",\"urlTemplate\":\"https:\/\/www.americanpetrol.com\/?s={search_term_string}\"},\"query-input\":{\"@type\":\"PropertyValueSpecification\",\"valueRequired\":true,\"valueName\":\"search_term_string\"}}],\"inLanguage\":\"en-US\"},{\"@type\":\"Organization\",\"@id\":\"https:\/\/www.americanpetrol.com\/#organization\",\"name\":\"American Petrol S.L.\",\"url\":\"https:\/\/www.americanpetrol.com\/\",\"logo\":{\"@type\":\"ImageObject\",\"inLanguage\":\"en-US\",\"@id\":\"https:\/\/www.americanpetrol.com\/#\/schema\/logo\/image\/\",\"url\":\"https:\/\/www.americanpetrol.com\/wp-content\/uploads\/2017\/02\/logo_150x150.png\",\"contentUrl\":\"https:\/\/www.americanpetrol.com\/wp-content\/uploads\/2017\/02\/logo_150x150.png\",\"width\":150,\"height\":150,\"caption\":\"American Petrol S.L.\"},\"image\":{\"@id\":\"https:\/\/www.americanpetrol.com\/#\/schema\/logo\/image\/\"},\"sameAs\":[\"https:\/\/www.facebook.com\/AmericanPetrol\/\"]}]}<\/script>\n<!-- \/ Yoast SEO plugin. -->","yoast_head_json":{"title":"DISTRIBUTOR OF LUBRICANTS AND ADDITIVES - American Petrol","robots":{"index":"index","follow":"follow","max-snippet":"max-snippet:-1","max-image-preview":"max-image-preview:large","max-video-preview":"max-video-preview:-1"},"canonical":"https:\/\/www.americanpetrol.com\/en\/services\/distributor-lubricants-additives\/","og_locale":"en_US","og_type":"article","og_title":"DISTRIBUTOR OF LUBRICANTS AND ADDITIVES - American Petrol","og_description":"[vc_row full_width=&#8221;stretch_row&#8221; disable_element=&#8221;yes&#8221; css=&#8221;.vc_custom_1488364776429{background-image: url(http:\/\/unanimecreativos.com\/americanpetrol\/wp-content\/uploads\/2017\/02\/title-background.png?id=779) !important;background-position: 0 0 !important;background-repeat: repeat !important;}&#8221; el_id=&#8221;title-background&#8221;][vc_column][vc_empty_space height=&#8221;20px&#8221;][vc_custom_heading text=&#8221;SERVICIOS \/ DISTRIBUCI\u00d3N DE LUBRICANTES Y ADITIVOS&#8221;","og_url":"https:\/\/www.americanpetrol.com\/en\/services\/distributor-lubricants-additives\/","og_site_name":"American Petrol","article_publisher":"https:\/\/www.facebook.com\/AmericanPetrol\/","article_modified_time":"2022-03-10T08:11:37+00:00","twitter_card":"summary_large_image","twitter_misc":{"Est. reading time":"4 minutes"},"schema":{"@context":"https:\/\/schema.org","@graph":[{"@type":"WebPage","@id":"https:\/\/www.americanpetrol.com\/en\/services\/distributor-lubricants-additives\/","url":"https:\/\/www.americanpetrol.com\/en\/services\/distributor-lubricants-additives\/","name":"DISTRIBUTOR OF LUBRICANTS AND ADDITIVES - American Petrol","isPartOf":{"@id":"https:\/\/www.americanpetrol.com\/#website"},"datePublished":"2017-04-18T12:18:53+00:00","dateModified":"2022-03-10T08:11:37+00:00","breadcrumb":{"@id":"https:\/\/www.americanpetrol.com\/en\/services\/distributor-lubricants-additives\/#breadcrumb"},"inLanguage":"en-US","potentialAction":[{"@type":"ReadAction","target":["https:\/\/www.americanpetrol.com\/en\/services\/distributor-lubricants-additives\/"]}]},{"@type":"BreadcrumbList","@id":"https:\/\/www.americanpetrol.com\/en\/services\/distributor-lubricants-additives\/#breadcrumb","itemListElement":[{"@type":"ListItem","position":1,"name":"Portada","item":"https:\/\/www.americanpetrol.com\/en\/"},{"@type":"ListItem","position":2,"name":"SERVICES","item":"https:\/\/www.americanpetrol.com\/en\/services\/"},{"@type":"ListItem","position":3,"name":"DISTRIBUTOR OF LUBRICANTS AND ADDITIVES"}]},{"@type":"WebSite","@id":"https:\/\/www.americanpetrol.com\/#website","url":"https:\/\/www.americanpetrol.com\/","name":"American Petrol","description":"Empresa de distribuci\u00f3n de gas\u00f3leo a domicilio, gas\u00f3leo para calefacci\u00f3n y gas\u00f3leo bonificado barato","publisher":{"@id":"https:\/\/www.americanpetrol.com\/#organization"},"potentialAction":[{"@type":"SearchAction","target":{"@type":"EntryPoint","urlTemplate":"https:\/\/www.americanpetrol.com\/?s={search_term_string}"},"query-input":{"@type":"PropertyValueSpecification","valueRequired":true,"valueName":"search_term_string"}}],"inLanguage":"en-US"},{"@type":"Organization","@id":"https:\/\/www.americanpetrol.com\/#organization","name":"American Petrol S.L.","url":"https:\/\/www.americanpetrol.com\/","logo":{"@type":"ImageObject","inLanguage":"en-US","@id":"https:\/\/www.americanpetrol.com\/#\/schema\/logo\/image\/","url":"https:\/\/www.americanpetrol.com\/wp-content\/uploads\/2017\/02\/logo_150x150.png","contentUrl":"https:\/\/www.americanpetrol.com\/wp-content\/uploads\/2017\/02\/logo_150x150.png","width":150,"height":150,"caption":"American Petrol S.L."},"image":{"@id":"https:\/\/www.americanpetrol.com\/#\/schema\/logo\/image\/"},"sameAs":["https:\/\/www.facebook.com\/AmericanPetrol\/"]}]}},"_links":{"self":[{"href":"https:\/\/www.americanpetrol.com\/en\/wp-json\/wp\/v2\/pages\/1159","targetHints":{"allow":["GET"]}}],"collection":[{"href":"https:\/\/www.americanpetrol.com\/en\/wp-json\/wp\/v2\/pages"}],"about":[{"href":"https:\/\/www.americanpetrol.com\/en\/wp-json\/wp\/v2\/types\/page"}],"author":[{"embeddable":true,"href":"https:\/\/www.americanpetrol.com\/en\/wp-json\/wp\/v2\/users\/1"}],"replies":[{"embeddable":true,"href":"https:\/\/www.americanpetrol.com\/en\/wp-json\/wp\/v2\/comments?post=1159"}],"version-history":[{"count":5,"href":"https:\/\/www.americanpetrol.com\/en\/wp-json\/wp\/v2\/pages\/1159\/revisions"}],"predecessor-version":[{"id":1283,"href":"https:\/\/www.americanpetrol.com\/en\/wp-json\/wp\/v2\/pages\/1159\/revisions\/1283"}],"wp:attachment":[{"href":"https:\/\/www.americanpetrol.com\/en\/wp-json\/wp\/v2\/media?parent=1159"}],"curies":[{"name":"wp","href":"https:\/\/api.w.org\/{rel}","templated":true}]}}