{"id":1162,"date":"2017-04-18T12:27:23","date_gmt":"2017-04-18T12:27:23","guid":{"rendered":"http:\/\/www.americanpetrol.com\/?page_id=1162\/"},"modified":"2022-03-10T08:11:37","modified_gmt":"2022-03-10T08:11:37","slug":"sponsor","status":"publish","type":"page","link":"https:\/\/www.americanpetrol.com\/en\/sponsor\/","title":{"rendered":"SPONSOR"},"content":{"rendered":"<p>[vc_row full_width=&#8221;stretch_row&#8221; disable_element=&#8221;yes&#8221; css=&#8221;.vc_custom_1488375584007{background-image: url(http:\/\/unanimecreativos.com\/americanpetrol\/wp-content\/uploads\/2017\/02\/title-background.png?id=779) !important;background-position: 0 0 !important;background-repeat: repeat !important;}&#8221; el_id=&#8221;title-background&#8221;][vc_column][vc_empty_space height=&#8221;20px&#8221;][vc_custom_heading text=&#8221;<strong>PATROCINADOR<\/strong>&#8221; font_container=&#8221;tag:h1|text_align:left|color:%23415da5&#8243; use_theme_fonts=&#8221;yes&#8221; el_class=&#8221;page-title-ap&#8221;][vc_empty_space height=&#8221;20px&#8221;][\/vc_column][\/vc_row][vc_row full_width=&#8221;stretch_row&#8221; css=&#8221;.vc_custom_1492521869772{background-image: url(http:\/\/www.americanpetrol.com\/wp-content\/uploads\/2017\/02\/american-petrol-joan-mir-azul.jpg?id=787) !important;background-position: center !important;background-repeat: no-repeat !important;background-size: cover !important;}&#8221;][vc_column][vc_empty_space height=&#8221;60px&#8221;][vc_row_inner][vc_column_inner width=&#8221;1\/6&#8243;][\/vc_column_inner][vc_column_inner width=&#8221;2\/3&#8243;][vc_custom_heading text=&#8221;<strong>SPONSORS<\/strong>&#8221; font_container=&#8221;tag:h1|font_size:36px|text_align:center|color:%23ffffff&#8221; use_theme_fonts=&#8221;yes&#8221;][vc_column_text]<\/p>\n<p style=\"color: white; font-size: 1.5em; text-align: center; font-weight: 100 !important; line-height: 1.2em;\">Since 1994, AMERICAN PETROL has been a company involved and committed in the support to young athletes, favoring the development of different sports modalities.<\/p>\n<p style=\"color: white; font-size: 1.5em; text-align: center; font-weight: 100 !important; line-height: 1.2em;\">Because sports values, such as overcoming and nonconformity, are the same values that mark the common day of our company<\/p>\n<p>[\/vc_column_text][\/vc_column_inner][vc_column_inner width=&#8221;1\/6&#8243;][\/vc_column_inner][\/vc_row_inner][vc_empty_space height=&#8221;100px&#8221;][\/vc_column][\/vc_row][vc_row][vc_column][vc_empty_space height=&#8221;60px&#8221;][\/vc_column][\/vc_row][vc_row equal_height=&#8221;yes&#8221; content_placement=&#8221;middle&#8221; el_class=&#8221;min-450&#8243;][vc_column width=&#8221;1\/2&#8243; css=&#8221;.vc_custom_1491477464924{background-image: url(http:\/\/www.americanpetrol.com\/wp-content\/uploads\/2017\/02\/american-petrol-joan-mir2.jpg?id=1121) !important;background-position: center !important;background-repeat: no-repeat !important;background-size: cover !important;}&#8221;][\/vc_column][vc_column width=&#8221;1\/2&#8243; css=&#8221;.vc_custom_1488293349788{padding-left: 50px !important;background-image: url(http:\/\/unanimecreativos.com\/americanpetrol\/wp-content\/uploads\/2017\/02\/esquina-azul.png?id=825) !important;background-position: center !important;background-repeat: no-repeat !important;background-size: contain !important;}&#8221; el_class=&#8221;.background-position-100-0&#8243;][vc_custom_heading text=&#8221;JOAN MIR &#8221; use_theme_fonts=&#8221;yes&#8221;][vc_column_text]American Petrol official sponsor of the rider in Moto3 world championship.[\/vc_column_text][\/vc_column][\/vc_row][vc_row equal_height=&#8221;yes&#8221; content_placement=&#8221;middle&#8221; el_class=&#8221;min-450&#8243;][vc_column width=&#8221;1\/2&#8243; css=&#8221;.vc_custom_1488279913316{padding-right: 50px !important;background-image: url(http:\/\/unanimecreativos.com\/americanpetrol\/wp-content\/uploads\/2017\/02\/esquina-roja.png?id=826) !important;background-position: center !important;background-repeat: no-repeat !important;background-size: contain !important;}&#8221; el_class=&#8221;background-position-0-100&#8243;][vc_custom_heading text=&#8221;Official Sponsor of Drivex team in Spain&#8221; font_container=&#8221;tag:h2|text_align:right|color:%23ff1d25&#8243; use_theme_fonts=&#8221;yes&#8221;][vc_column_text]<\/p>\n<p style=\"text-align: right;\">Pilot: <strong>STEFANO BOZZONI<\/strong><\/p>\n<p>[\/vc_column_text][\/vc_column][vc_column width=&#8221;1\/2&#8243; css=&#8221;.vc_custom_1492521840608{background-image: url(http:\/\/www.americanpetrol.com\/wp-content\/uploads\/2017\/02\/american-petrol-stefano.jpg?id=789) !important;background-position: center !important;background-repeat: no-repeat !important;background-size: cover !important;}&#8221;][\/vc_column][\/vc_row][vc_row][vc_column][vc_empty_space height=&#8221;60px&#8221;][\/vc_column][\/vc_row][vc_row full_width=&#8221;stretch_row&#8221; css=&#8221;.vc_custom_1488375700216{background-color: #415da5 !important;}&#8221;][vc_column][vc_video link=&#8221;https:\/\/www.youtube.com\/watch?v=XaM46niTpUs&#8221; el_width=&#8221;70&#8243; align=&#8221;center&#8221;][\/vc_column][\/vc_row][vc_row][vc_column][vc_empty_space height=&#8221;60px&#8221;][\/vc_column][\/vc_row][vc_row][vc_column][vc_masonry_media_grid element_width=&#8221;3&#8243; initial_loading_animation=&#8221;fadeIn&#8221; grid_id=&#8221;vc_gid:1492521848336-1bae68d7-a6c5-3&#8243; include=&#8221;799,800,801,802,803,804,805,806,807,808,809,810,811,812,813,814,815,816,817,818,819,821,822,823,824&#8243;][\/vc_column][\/vc_row]<\/p>\n","protected":false},"excerpt":{"rendered":"<p>[vc_row full_width=&#8221;stretch_row&#8221; disable_element=&#8221;yes&#8221; css=&#8221;.vc_custom_1488375584007{background-image: url(http:\/\/unanimecreativos.com\/americanpetrol\/wp-content\/uploads\/2017\/02\/title-background.png?id=779) !important;background-position: 0 0 !important;background-repeat: repeat !important;}&#8221; el_id=&#8221;title-background&#8221;][vc_column][vc_empty_space height=&#8221;20px&#8221;][vc_custom_heading text=&#8221;PATROCINADOR&#8221; font_container=&#8221;tag:h1|text_align:left|color:%23415da5&#8243; use_theme_fonts=&#8221;yes&#8221; el_class=&#8221;page-title-ap&#8221;][vc_empty_space height=&#8221;20px&#8221;][\/vc_column][\/vc_row][vc_row full_width=&#8221;stretch_row&#8221; css=&#8221;.vc_custom_1492521869772{background-image:<\/p>\n","protected":false},"author":1,"featured_media":0,"parent":0,"menu_order":3,"comment_status":"closed","ping_status":"closed","template":"","meta":{"_monsterinsights_skip_tracking":false,"_monsterinsights_sitenote_active":false,"_monsterinsights_sitenote_note":"","_monsterinsights_sitenote_category":0,"footnotes":""},"class_list":["post-1162","page","type-page","status-publish","hentry"],"yoast_head":"<!-- This site is optimized with the Yoast SEO plugin v26.2 - https:\/\/yoast.com\/wordpress\/plugins\/seo\/ -->\n<title>SPONSOR - American Petrol<\/title>\n<meta name=\"robots\" content=\"index, follow, max-snippet:-1, max-image-preview:large, max-video-preview:-1\" \/>\n<link rel=\"canonical\" href=\"https:\/\/www.americanpetrol.com\/en\/sponsor\/\" \/>\n<meta property=\"og:locale\" content=\"en_US\" \/>\n<meta property=\"og:type\" content=\"article\" \/>\n<meta property=\"og:title\" content=\"SPONSOR - American Petrol\" \/>\n<meta property=\"og:description\" content=\"[vc_row full_width=&#8221;stretch_row&#8221; disable_element=&#8221;yes&#8221; css=&#8221;.vc_custom_1488375584007{background-image: url(http:\/\/unanimecreativos.com\/americanpetrol\/wp-content\/uploads\/2017\/02\/title-background.png?id=779) !important;background-position: 0 0 !important;background-repeat: repeat !important;}&#8221; el_id=&#8221;title-background&#8221;][vc_column][vc_empty_space height=&#8221;20px&#8221;][vc_custom_heading text=&#8221;PATROCINADOR&#8221; font_container=&#8221;tag:h1|text_align:left|color:%23415da5&#8243; use_theme_fonts=&#8221;yes&#8221; el_class=&#8221;page-title-ap&#8221;][vc_empty_space height=&#8221;20px&#8221;][\/vc_column][\/vc_row][vc_row full_width=&#8221;stretch_row&#8221; css=&#8221;.vc_custom_1492521869772{background-image:\" \/>\n<meta property=\"og:url\" content=\"https:\/\/www.americanpetrol.com\/en\/sponsor\/\" \/>\n<meta property=\"og:site_name\" content=\"American Petrol\" \/>\n<meta property=\"article:publisher\" content=\"https:\/\/www.facebook.com\/AmericanPetrol\/\" \/>\n<meta property=\"article:modified_time\" content=\"2022-03-10T08:11:37+00:00\" \/>\n<meta name=\"twitter:card\" content=\"summary_large_image\" \/>\n<meta name=\"twitter:label1\" content=\"Est. reading time\" \/>\n\t<meta name=\"twitter:data1\" content=\"3 minutes\" \/>\n<script type=\"application\/ld+json\" class=\"yoast-schema-graph\">{\"@context\":\"https:\/\/schema.org\",\"@graph\":[{\"@type\":\"WebPage\",\"@id\":\"https:\/\/www.americanpetrol.com\/en\/sponsor\/\",\"url\":\"https:\/\/www.americanpetrol.com\/en\/sponsor\/\",\"name\":\"SPONSOR - American Petrol\",\"isPartOf\":{\"@id\":\"https:\/\/www.americanpetrol.com\/#website\"},\"datePublished\":\"2017-04-18T12:27:23+00:00\",\"dateModified\":\"2022-03-10T08:11:37+00:00\",\"breadcrumb\":{\"@id\":\"https:\/\/www.americanpetrol.com\/en\/sponsor\/#breadcrumb\"},\"inLanguage\":\"en-US\",\"potentialAction\":[{\"@type\":\"ReadAction\",\"target\":[\"https:\/\/www.americanpetrol.com\/en\/sponsor\/\"]}]},{\"@type\":\"BreadcrumbList\",\"@id\":\"https:\/\/www.americanpetrol.com\/en\/sponsor\/#breadcrumb\",\"itemListElement\":[{\"@type\":\"ListItem\",\"position\":1,\"name\":\"Portada\",\"item\":\"https:\/\/www.americanpetrol.com\/en\/\"},{\"@type\":\"ListItem\",\"position\":2,\"name\":\"SPONSOR\"}]},{\"@type\":\"WebSite\",\"@id\":\"https:\/\/www.americanpetrol.com\/#website\",\"url\":\"https:\/\/www.americanpetrol.com\/\",\"name\":\"American Petrol\",\"description\":\"Empresa de distribuci\u00f3n de gas\u00f3leo a domicilio, gas\u00f3leo para calefacci\u00f3n y gas\u00f3leo bonificado barato\",\"publisher\":{\"@id\":\"https:\/\/www.americanpetrol.com\/#organization\"},\"potentialAction\":[{\"@type\":\"SearchAction\",\"target\":{\"@type\":\"EntryPoint\",\"urlTemplate\":\"https:\/\/www.americanpetrol.com\/?s={search_term_string}\"},\"query-input\":{\"@type\":\"PropertyValueSpecification\",\"valueRequired\":true,\"valueName\":\"search_term_string\"}}],\"inLanguage\":\"en-US\"},{\"@type\":\"Organization\",\"@id\":\"https:\/\/www.americanpetrol.com\/#organization\",\"name\":\"American Petrol S.L.\",\"url\":\"https:\/\/www.americanpetrol.com\/\",\"logo\":{\"@type\":\"ImageObject\",\"inLanguage\":\"en-US\",\"@id\":\"https:\/\/www.americanpetrol.com\/#\/schema\/logo\/image\/\",\"url\":\"https:\/\/www.americanpetrol.com\/wp-content\/uploads\/2017\/02\/logo_150x150.png\",\"contentUrl\":\"https:\/\/www.americanpetrol.com\/wp-content\/uploads\/2017\/02\/logo_150x150.png\",\"width\":150,\"height\":150,\"caption\":\"American Petrol S.L.\"},\"image\":{\"@id\":\"https:\/\/www.americanpetrol.com\/#\/schema\/logo\/image\/\"},\"sameAs\":[\"https:\/\/www.facebook.com\/AmericanPetrol\/\"]}]}<\/script>\n<!-- \/ Yoast SEO plugin. -->","yoast_head_json":{"title":"SPONSOR - American Petrol","robots":{"index":"index","follow":"follow","max-snippet":"max-snippet:-1","max-image-preview":"max-image-preview:large","max-video-preview":"max-video-preview:-1"},"canonical":"https:\/\/www.americanpetrol.com\/en\/sponsor\/","og_locale":"en_US","og_type":"article","og_title":"SPONSOR - American Petrol","og_description":"[vc_row full_width=&#8221;stretch_row&#8221; disable_element=&#8221;yes&#8221; css=&#8221;.vc_custom_1488375584007{background-image: url(http:\/\/unanimecreativos.com\/americanpetrol\/wp-content\/uploads\/2017\/02\/title-background.png?id=779) !important;background-position: 0 0 !important;background-repeat: repeat !important;}&#8221; el_id=&#8221;title-background&#8221;][vc_column][vc_empty_space height=&#8221;20px&#8221;][vc_custom_heading text=&#8221;PATROCINADOR&#8221; font_container=&#8221;tag:h1|text_align:left|color:%23415da5&#8243; use_theme_fonts=&#8221;yes&#8221; el_class=&#8221;page-title-ap&#8221;][vc_empty_space height=&#8221;20px&#8221;][\/vc_column][\/vc_row][vc_row full_width=&#8221;stretch_row&#8221; css=&#8221;.vc_custom_1492521869772{background-image:","og_url":"https:\/\/www.americanpetrol.com\/en\/sponsor\/","og_site_name":"American Petrol","article_publisher":"https:\/\/www.facebook.com\/AmericanPetrol\/","article_modified_time":"2022-03-10T08:11:37+00:00","twitter_card":"summary_large_image","twitter_misc":{"Est. reading time":"3 minutes"},"schema":{"@context":"https:\/\/schema.org","@graph":[{"@type":"WebPage","@id":"https:\/\/www.americanpetrol.com\/en\/sponsor\/","url":"https:\/\/www.americanpetrol.com\/en\/sponsor\/","name":"SPONSOR - American Petrol","isPartOf":{"@id":"https:\/\/www.americanpetrol.com\/#website"},"datePublished":"2017-04-18T12:27:23+00:00","dateModified":"2022-03-10T08:11:37+00:00","breadcrumb":{"@id":"https:\/\/www.americanpetrol.com\/en\/sponsor\/#breadcrumb"},"inLanguage":"en-US","potentialAction":[{"@type":"ReadAction","target":["https:\/\/www.americanpetrol.com\/en\/sponsor\/"]}]},{"@type":"BreadcrumbList","@id":"https:\/\/www.americanpetrol.com\/en\/sponsor\/#breadcrumb","itemListElement":[{"@type":"ListItem","position":1,"name":"Portada","item":"https:\/\/www.americanpetrol.com\/en\/"},{"@type":"ListItem","position":2,"name":"SPONSOR"}]},{"@type":"WebSite","@id":"https:\/\/www.americanpetrol.com\/#website","url":"https:\/\/www.americanpetrol.com\/","name":"American Petrol","description":"Empresa de distribuci\u00f3n de gas\u00f3leo a domicilio, gas\u00f3leo para calefacci\u00f3n y gas\u00f3leo bonificado barato","publisher":{"@id":"https:\/\/www.americanpetrol.com\/#organization"},"potentialAction":[{"@type":"SearchAction","target":{"@type":"EntryPoint","urlTemplate":"https:\/\/www.americanpetrol.com\/?s={search_term_string}"},"query-input":{"@type":"PropertyValueSpecification","valueRequired":true,"valueName":"search_term_string"}}],"inLanguage":"en-US"},{"@type":"Organization","@id":"https:\/\/www.americanpetrol.com\/#organization","name":"American Petrol S.L.","url":"https:\/\/www.americanpetrol.com\/","logo":{"@type":"ImageObject","inLanguage":"en-US","@id":"https:\/\/www.americanpetrol.com\/#\/schema\/logo\/image\/","url":"https:\/\/www.americanpetrol.com\/wp-content\/uploads\/2017\/02\/logo_150x150.png","contentUrl":"https:\/\/www.americanpetrol.com\/wp-content\/uploads\/2017\/02\/logo_150x150.png","width":150,"height":150,"caption":"American Petrol S.L."},"image":{"@id":"https:\/\/www.americanpetrol.com\/#\/schema\/logo\/image\/"},"sameAs":["https:\/\/www.facebook.com\/AmericanPetrol\/"]}]}},"_links":{"self":[{"href":"https:\/\/www.americanpetrol.com\/en\/wp-json\/wp\/v2\/pages\/1162","targetHints":{"allow":["GET"]}}],"collection":[{"href":"https:\/\/www.americanpetrol.com\/en\/wp-json\/wp\/v2\/pages"}],"about":[{"href":"https:\/\/www.americanpetrol.com\/en\/wp-json\/wp\/v2\/types\/page"}],"author":[{"embeddable":true,"href":"https:\/\/www.americanpetrol.com\/en\/wp-json\/wp\/v2\/users\/1"}],"replies":[{"embeddable":true,"href":"https:\/\/www.americanpetrol.com\/en\/wp-json\/wp\/v2\/comments?post=1162"}],"version-history":[{"count":2,"href":"https:\/\/www.americanpetrol.com\/en\/wp-json\/wp\/v2\/pages\/1162\/revisions"}],"predecessor-version":[{"id":1460,"href":"https:\/\/www.americanpetrol.com\/en\/wp-json\/wp\/v2\/pages\/1162\/revisions\/1460"}],"wp:attachment":[{"href":"https:\/\/www.americanpetrol.com\/en\/wp-json\/wp\/v2\/media?parent=1162"}],"curies":[{"name":"wp","href":"https:\/\/api.w.org\/{rel}","templated":true}]}}